{"id":1811,"date":"2023-01-01T15:43:51","date_gmt":"2023-01-01T12:43:51","guid":{"rendered":"https:\/\/brunn.qodeinteractive.com\/?page_id=1811"},"modified":"2023-05-15T11:40:51","modified_gmt":"2023-05-15T08:40:51","slug":"sss","status":"publish","type":"page","link":"https:\/\/gbcistanbul.com\/en\/sss\/","title":{"rendered":"FAQ"},"content":{"rendered":"<section class=\"wpb-content-wrapper\"><div class=\"qodef-row-grid-section-wrapper\"  ><div class=\"qodef-row-grid-section\"><div class=\"vc_row wpb_row vc_row-fluid vc_custom_1537523133188\" ><div class=\"wpb_column vc_column_container vc_col-sm-12\"><div class=\"vc_column-inner\"><div class=\"wpb_wrapper\"><div class=\"qodef-elements-holder   qodef-one-column  qodef-responsive-mode-768\" ><div class=\"qodef-eh-item\"  data-item-class=\"qodef-eh-custom-1052\" data-1025-1366=\"0px 11px 0px 0px\" data-681-768=\"0px 93px 0px 0px\" data-680=\"0px 35px 0px 0px\">\n\t<div class=\"qodef-eh-item-inner\">\n\t\t<div class=\"qodef-eh-item-content qodef-eh-custom-1052\" style=\"padding: 0px 40px 0px 0px\">\n\t\t\t<div class=\"qodef-accordion-holder qodef-ac-default  qodef-accordion  qodef-ac-simple  clearfix\">\n\t<h3 class=\"qodef-accordion-title\">\n    <span class=\"qodef-accordion-mark\">\n\t\t<span class=\"qodef_icon_plus ion-android-add\"><\/span>\n\t\t<span class=\"qodef_icon_minus ion-android-remove\"><\/span>\n\t<\/span>\n\t<span class=\"qodef-tab-title\">What is GBC Istanbul?<\/span>\n<\/h3>\n<div class=\"qodef-accordion-content\">\n\t<div class=\"qodef-accordion-content-inner\">\n\t\t<div class=\"vc_row wpb_row vc_inner vc_row-fluid\" ><div class=\"wpb_column vc_column_container vc_col-sm-12\"><div class=\"vc_column-inner\"><div class=\"wpb_wrapper\">\n\t<div class=\"wpb_text_column wpb_content_element\" >\n\t\t<div class=\"wpb_wrapper\">\n\t\t\t<p><span style=\"font-weight: 400;\">GBC Istanbul is a company that operates to promote South Korean companies free of charge. It aims to bring together companies in Turkey and companies in South Korea to cooperate.<\/span><\/p>\n\n\t\t<\/div>\n\t<\/div>\n<\/div><\/div><\/div><\/div>\t<\/div>\n<\/div><h3 class=\"qodef-accordion-title\">\n    <span class=\"qodef-accordion-mark\">\n\t\t<span class=\"qodef_icon_plus ion-android-add\"><\/span>\n\t\t<span class=\"qodef_icon_minus ion-android-remove\"><\/span>\n\t<\/span>\n\t<span class=\"qodef-tab-title\">How to cooperate with GBC Istanbul?<\/span>\n<\/h3>\n<div class=\"qodef-accordion-content\">\n\t<div class=\"qodef-accordion-content-inner\">\n\t\t<div class=\"vc_row wpb_row vc_inner vc_row-fluid\" ><div class=\"wpb_column vc_column_container vc_col-sm-12\"><div class=\"vc_column-inner\"><div class=\"wpb_wrapper\">\n\t<div class=\"wpb_text_column wpb_content_element\" >\n\t\t<div class=\"wpb_wrapper\">\n\t\t\t<p><span style=\"font-weight: 400;\">You can have a cooperation opportunity by contacting our GBC Istanbul marketing team from our contact information on our website and giving detailed information about the product group your company is looking for.<\/span><\/p>\n\n\t\t<\/div>\n\t<\/div>\n<\/div><\/div><\/div><\/div>\t<\/div>\n<\/div><h3 class=\"qodef-accordion-title\">\n    <span class=\"qodef-accordion-mark\">\n\t\t<span class=\"qodef_icon_plus ion-android-add\"><\/span>\n\t\t<span class=\"qodef_icon_minus ion-android-remove\"><\/span>\n\t<\/span>\n\t<span class=\"qodef-tab-title\">What categories of companies are available within GBC Istanbul?<\/span>\n<\/h3>\n<div class=\"qodef-accordion-content\">\n\t<div class=\"qodef-accordion-content-inner\">\n\t\t<div class=\"vc_row wpb_row vc_inner vc_row-fluid\" ><div class=\"wpb_column vc_column_container vc_col-sm-12\"><div class=\"vc_column-inner\"><div class=\"wpb_wrapper\">\n\t<div class=\"wpb_text_column wpb_content_element\" >\n\t\t<div class=\"wpb_wrapper\">\n\t\t\t<p><span style=\"font-weight: 400;\">GBC Istanbul has agreements with companies in many fields such as cosmetics, home care, baby care, veterinary medicine, food, health and electronics.<\/span><\/p>\n\n\t\t<\/div>\n\t<\/div>\n<\/div><\/div><\/div><\/div>\t<\/div>\n<\/div><h3 class=\"qodef-accordion-title\">\n    <span class=\"qodef-accordion-mark\">\n\t\t<span class=\"qodef_icon_plus ion-android-add\"><\/span>\n\t\t<span class=\"qodef_icon_minus ion-android-remove\"><\/span>\n\t<\/span>\n\t<span class=\"qodef-tab-title\">Do we need to know a foreign language for our cooperation with GBC Istanbul?<\/span>\n<\/h3>\n<div class=\"qodef-accordion-content\">\n\t<div class=\"qodef-accordion-content-inner\">\n\t\t<div class=\"vc_row wpb_row vc_inner vc_row-fluid\" ><div class=\"wpb_column vc_column_container vc_col-sm-12\"><div class=\"vc_column-inner\"><div class=\"wpb_wrapper\">\n\t<div class=\"wpb_text_column wpb_content_element\" >\n\t\t<div class=\"wpb_wrapper\">\n\t\t\t<p><span style=\"font-weight: 400;\">You do not need to know a foreign language for cooperation with GBC Istanbul. As GBC Istanbul team, we are pleased to offer you the opportunity to translate Korean and English.<\/span><\/p>\n\n\t\t<\/div>\n\t<\/div>\n<\/div><\/div><\/div><\/div>\t<\/div>\n<\/div><h3 class=\"qodef-accordion-title\">\n    <span class=\"qodef-accordion-mark\">\n\t\t<span class=\"qodef_icon_plus ion-android-add\"><\/span>\n\t\t<span class=\"qodef_icon_minus ion-android-remove\"><\/span>\n\t<\/span>\n\t<span class=\"qodef-tab-title\">How many Korean manufacturers does GBC Istanbul have agreements with?<\/span>\n<\/h3>\n<div class=\"qodef-accordion-content\">\n\t<div class=\"qodef-accordion-content-inner\">\n\t\t<div class=\"vc_row wpb_row vc_inner vc_row-fluid\" ><div class=\"wpb_column vc_column_container vc_col-sm-12\"><div class=\"vc_column-inner\"><div class=\"wpb_wrapper\">\n\t<div class=\"wpb_text_column wpb_content_element\" >\n\t\t<div class=\"wpb_wrapper\">\n\t\t\t<p><span style=\"font-weight: 400;\">GBC Istanbul has agreements with nearly 40 thousand Korean manufacturers.<\/span><\/p>\n\n\t\t<\/div>\n\t<\/div>\n<\/div><\/div><\/div><\/div>\t<\/div>\n<\/div><h3 class=\"qodef-accordion-title\">\n    <span class=\"qodef-accordion-mark\">\n\t\t<span class=\"qodef_icon_plus ion-android-add\"><\/span>\n\t\t<span class=\"qodef_icon_minus ion-android-remove\"><\/span>\n\t<\/span>\n\t<span class=\"qodef-tab-title\">Where is GBC Istanbul office?<\/span>\n<\/h3>\n<div class=\"qodef-accordion-content\">\n\t<div class=\"qodef-accordion-content-inner\">\n\t\t<div class=\"vc_row wpb_row vc_inner vc_row-fluid\" ><div class=\"wpb_column vc_column_container vc_col-sm-12\"><div class=\"vc_column-inner\"><div class=\"wpb_wrapper\">\n\t<div class=\"wpb_text_column wpb_content_element\" >\n\t\t<div class=\"wpb_wrapper\">\n\t\t\t<p>GBC Istanbul continues its service with its office located in Levent Loft Residence in \u015ei\u015fli district of Istanbul.<\/p>\n\n\t\t<\/div>\n\t<\/div>\n<\/div><\/div><\/div><\/div>\t<\/div>\n<\/div><h3 class=\"qodef-accordion-title\">\n    <span class=\"qodef-accordion-mark\">\n\t\t<span class=\"qodef_icon_plus ion-android-add\"><\/span>\n\t\t<span class=\"qodef_icon_minus ion-android-remove\"><\/span>\n\t<\/span>\n\t<span class=\"qodef-tab-title\">What is FTA (Free Trade Agreement)?<\/span>\n<\/h3>\n<div class=\"qodef-accordion-content\">\n\t<div class=\"qodef-accordion-content-inner\">\n\t\t<div class=\"vc_row wpb_row vc_inner vc_row-fluid\" ><div class=\"wpb_column vc_column_container vc_col-sm-12\"><div class=\"vc_column-inner\"><div class=\"wpb_wrapper\">\n\t<div class=\"wpb_text_column wpb_content_element\" >\n\t\t<div class=\"wpb_wrapper\">\n\t\t\t<p><span style=\"font-weight: 400;\">Free Trade Agreements are agreements made to facilitate and accelerate trade by removing or completely eliminating the restrictions on trade between two or more countries. There is also a free trade agreement between Turkey and South Korea. With the Free Trade Agreement, you can import high quality products from Korea with less tax compared to other countries.<\/span><\/p>\n\n\t\t<\/div>\n\t<\/div>\n<\/div><\/div><\/div><\/div>\t<\/div>\n<\/div><\/div>\t\t<\/div>\n\t<\/div>\n<\/div><\/div><\/div><\/div><\/div><\/div><\/div><\/div><div class=\"qodef-row-grid-section-wrapper\"  ><div class=\"qodef-row-grid-section\"><div class=\"vc_row wpb_row vc_row-fluid vc_custom_1537523109488\" ><div class=\"wpb_column vc_column_container vc_col-sm-12 vc_col-lg-4 vc_col-md-12\"><div class=\"vc_column-inner\"><div class=\"wpb_wrapper\"><div class=\"qodef-elements-holder   qodef-one-column  qodef-responsive-mode-768\" ><div class=\"qodef-eh-item\"  data-item-class=\"qodef-eh-custom-8306\" data-1025-1366=\"0px 16px 0px 0px\" data-769-1024=\"0px 165px 0px 0px\" data-681-768=\"0px 264px 0px 0px\" data-680=\"0px 44px 0px 0px\">\n\t<div class=\"qodef-eh-item-inner\">\n\t\t<div class=\"qodef-eh-item-content qodef-eh-custom-8306\" style=\"padding: 0px 70px 0px 0px\">\n\t\t\t<div class=\"qodef-section-title-holder  qodef-st-standard qodef-st-title-left qodef-st-normal-space\" >\n\t<div class=\"qodef-st-inner\">\n\t\t            <div class=\"qodef-label\" style=\"margin-bottom:7px\">\n                <span class=\"qodef-label-line\" ><\/span>\n                <span class=\"qodef-label-text\" >Plenty of Choices<\/span>\n            <\/div>\n        \t\t\t<h2 class=\"qodef-st-title\" >\n\t\t\t\t38,000 Manufacturers\t\t\t<\/h2>\n\t\t        \t\t\t\t\t<p class=\"qodef-st-text\" style=\"margin-top: 21px\">\n\t\t\t\tGBC Istanbul is in contact with approximately 38,000 companies in the Gyeonggi Business Center, the commercial center of Gyeonngi, South Korea. GBC Istanbul offers you the opportunity to cooperate with the most suitable manufacturer for you to contact about the product group you are looking for.\t\t\t<\/p>\n\t\t\t<\/div>\n<\/div><div class=\"vc_empty_space\"   style=\"height: 30px\"><span class=\"vc_empty_space_inner\"><\/span><\/div>\t\t<\/div>\n\t<\/div>\n<\/div><\/div><\/div><\/div><\/div><div class=\"wpb_column vc_column_container vc_col-sm-12 vc_col-lg-4 vc_col-md-12\"><div class=\"vc_column-inner\"><div class=\"wpb_wrapper\"><div class=\"qodef-elements-holder   qodef-one-column  qodef-responsive-mode-768\" ><div class=\"qodef-eh-item\"  data-item-class=\"qodef-eh-custom-4382\" data-1025-1366=\"0px 16px 0px 0px\" data-769-1024=\"0px 164px 0px 0px\" data-681-768=\"0px 230px 0px 0px\" data-680=\"0px 32px 0px 0px\">\n\t<div class=\"qodef-eh-item-inner\">\n\t\t<div class=\"qodef-eh-item-content qodef-eh-custom-4382\" style=\"padding: 0px 70px 0px 0px\">\n\t\t\t<div class=\"qodef-section-title-holder  qodef-st-standard qodef-st-title-left qodef-st-normal-space\" >\n\t<div class=\"qodef-st-inner\">\n\t\t            <div class=\"qodef-label\" style=\"margin-bottom:7px\">\n                <span class=\"qodef-label-line\" ><\/span>\n                <span class=\"qodef-label-text\" >FTA<\/span>\n            <\/div>\n        \t\t\t<h2 class=\"qodef-st-title\" >\n\t\t\t\tFree Trade Agreement\t\t\t<\/h2>\n\t\t        \t\t\t\t\t<p class=\"qodef-st-text\" style=\"margin-top: 21px\">\n\t\t\t\tThe Free Trade Agreement is an agreement signed between Turkey and South Korea to reduce the restrictions on trade. Thanks to this agreement, there is no extra tax. We help you import high quality products from South Korea at a more affordable price.\t\t\t<\/p>\n\t\t\t<\/div>\n<\/div><div class=\"vc_empty_space\"   style=\"height: 30px\"><span class=\"vc_empty_space_inner\"><\/span><\/div>\t\t<\/div>\n\t<\/div>\n<\/div><\/div><\/div><\/div><\/div><div class=\"wpb_column vc_column_container vc_col-sm-12 vc_col-lg-4 vc_col-md-12\"><div class=\"vc_column-inner\"><div class=\"wpb_wrapper\"><div class=\"qodef-elements-holder   qodef-one-column  qodef-responsive-mode-768\" ><div class=\"qodef-eh-item\"  data-item-class=\"qodef-eh-custom-4051\" data-1025-1366=\"0px 52px 0px 0px\" data-769-1024=\"0px 241px 0px 0px\" data-681-768=\"0px 298px 0px 0px\" data-680=\"0px 67px 0px 0px\">\n\t<div class=\"qodef-eh-item-inner\">\n\t\t<div class=\"qodef-eh-item-content qodef-eh-custom-4051\" style=\"padding: 0px 113px 0px 0px\">\n\t\t\t<div class=\"qodef-section-title-holder  qodef-st-standard qodef-st-title-left qodef-st-normal-space\" >\n\t<div class=\"qodef-st-inner\">\n\t\t            <div class=\"qodef-label\" style=\"margin-bottom:7px\">\n                <span class=\"qodef-label-line\" ><\/span>\n                <span class=\"qodef-label-text\" >Free<\/span>\n            <\/div>\n        \t\t\t<h2 class=\"qodef-st-title\" >\n\t\t\t\tNo Fee Request\t\t\t<\/h2>\n\t\t        \t\t\t\t\t<p class=\"qodef-st-text\" style=\"margin-top: 21px\">\n\t\t\t\tGBC Istanbul is a company operating to promote South Korean companies free of charge. It does not charge any fees when bringing companies in the two countries together for possible collaborations.\t\t\t<\/p>\n\t\t\t<\/div>\n<\/div><div class=\"vc_empty_space\"   style=\"height: 30px\"><span class=\"vc_empty_space_inner\"><\/span><\/div>\t\t<\/div>\n\t<\/div>\n<\/div><\/div><\/div><\/div><\/div><\/div><\/div><\/div><div class=\"qodef-row-grid-section-wrapper\"  ><div class=\"qodef-row-grid-section\"><div class=\"vc_row wpb_row vc_row-fluid\" ><div class=\"wpb_column vc_column_container vc_col-sm-12\"><div class=\"vc_column-inner\"><div class=\"wpb_wrapper\"><div class=\"qodef-elements-holder   qodef-two-columns  qodef-responsive-mode-768\" ><div class=\"qodef-eh-item\"  data-item-class=\"qodef-eh-custom-4357\">\n\t<div class=\"qodef-eh-item-inner\">\n\t\t<div class=\"qodef-eh-item-content qodef-eh-custom-4357\" style=\"padding: 0px 40px 140px 40px\">\n\t\t\t\n\t<div  class=\"wpb_single_image wpb_content_element vc_align_left\">\n\t\t\n\t\t<figure class=\"wpb_wrapper vc_figure\">\n\t\t\t<div class=\"vc_single_image-wrapper   vc_box_border_grey\"><img fetchpriority=\"high\" decoding=\"async\" class=\"vc_single_image-img\" src=\"https:\/\/gbcistanbul.com\/wp-content\/uploads\/2023\/05\/web-meeting-gbc-istanbul-650x650.jpg\" width=\"650\" height=\"650\" alt=\"web-meeting-gbc-istanbul\" title=\"web-meeting-gbc-istanbul\" \/><\/div>\n\t\t<\/figure>\n\t<\/div>\n\t\t<\/div>\n\t<\/div>\n<\/div><div class=\"qodef-eh-item\"  data-item-class=\"qodef-eh-custom-6118\">\n\t<div class=\"qodef-eh-item-inner\">\n\t\t<div class=\"qodef-eh-item-content qodef-eh-custom-6118\" style=\"padding: 40px\">\n\t\t\t<div class=\"qodef-section-title-holder  qodef-st-standard qodef-st-title-left qodef-st-normal-space\" >\n\t<div class=\"qodef-st-inner\">\n\t\t            <div class=\"qodef-label\" style=\"margin-bottom:7px\">\n                <span class=\"qodef-label-line\" ><\/span>\n                <span class=\"qodef-label-text\" >What We Do?<\/span>\n            <\/div>\n        \t\t\t<h1 class=\"qodef-st-title\" >\n\t\t\t\tHow we can\nhelp you\t\t\t<\/h1>\n\t\t        \t\t\t\t\t<p class=\"qodef-st-text\" style=\"margin-top: 20px\">\n\t\t\t\tTurkish companies that want to cooperate with producers in South Korea can contact us via social media or our contact information. You can have the opportunity to create cooperation by organizing an online meeting with two companies\t\t\t<\/p>\n\t\t\t<\/div>\n<\/div><div class=\"vc_empty_space\"   style=\"height: 40px\"><span class=\"vc_empty_space_inner\"><\/span><\/div><a itemprop=\"url\" href=\"https:\/\/gbcistanbul.com\/en\/contact\/\" target=\"_self\"  class=\"qodef-btn qodef-btn-medium qodef-btn-outline qodef-btn-icon\"  >\n    <span class=\"qodef-btn-text\">Let's Talk<\/span>\n    <span aria-hidden=\"true\" class=\"qodef-icon-font-elegant arrow_right\" ><\/span><\/a>\t\t<\/div>\n\t<\/div>\n<\/div><\/div><\/div><\/div><\/div><\/div><\/div><\/div>\n<\/section>","protected":false},"excerpt":{"rendered":"GBC \u0130stanbul nedir? GBC Istanbul, G\u00fcney Kore \u015firketlerini \u00fccretsiz bir \u015fekilde tan\u0131tmak amac\u0131yla faaliyet g\u00f6steren bir firmad\u0131r. T\u00fcrkiye\u2019deki firmalar ile G\u00fcney Kore firmalar\u0131n\u0131 bulu\u015fturarak i\u015f birli\u011fi yapmalar\u0131n\u0131 ama\u00e7 edinmektedir. GBC \u0130stanbul ile i\u015f birli\u011fi nas\u0131l yap\u0131l\u0131r? Web sayfam\u0131z \u00fczerinde bulunan ileti\u015fim bilgilerimizden GBC \u0130stanbul pazarlama ekibimiz ile ileti\u015fime ge\u00e7erek \u015firketinizin [...]","protected":false},"author":1,"featured_media":0,"parent":0,"menu_order":0,"comment_status":"closed","ping_status":"closed","template":"full-width.php","meta":{"footnotes":""},"class_list":["post-1811","page","type-page","status-publish","hentry"],"_links":{"self":[{"href":"https:\/\/gbcistanbul.com\/en\/wp-json\/wp\/v2\/pages\/1811","targetHints":{"allow":["GET"]}}],"collection":[{"href":"https:\/\/gbcistanbul.com\/en\/wp-json\/wp\/v2\/pages"}],"about":[{"href":"https:\/\/gbcistanbul.com\/en\/wp-json\/wp\/v2\/types\/page"}],"author":[{"embeddable":true,"href":"https:\/\/gbcistanbul.com\/en\/wp-json\/wp\/v2\/users\/1"}],"replies":[{"embeddable":true,"href":"https:\/\/gbcistanbul.com\/en\/wp-json\/wp\/v2\/comments?post=1811"}],"version-history":[{"count":15,"href":"https:\/\/gbcistanbul.com\/en\/wp-json\/wp\/v2\/pages\/1811\/revisions"}],"predecessor-version":[{"id":6930,"href":"https:\/\/gbcistanbul.com\/en\/wp-json\/wp\/v2\/pages\/1811\/revisions\/6930"}],"wp:attachment":[{"href":"https:\/\/gbcistanbul.com\/en\/wp-json\/wp\/v2\/media?parent=1811"}],"curies":[{"name":"wp","href":"https:\/\/api.w.org\/{rel}","templated":true}]}}