{"id":1739,"date":"2018-09-20T15:43:51","date_gmt":"2018-09-20T15:43:51","guid":{"rendered":"https:\/\/brunn.qodeinteractive.com\/?page_id=1739"},"modified":"2023-09-13T15:32:05","modified_gmt":"2023-09-13T12:32:05","slug":"about","status":"publish","type":"page","link":"https:\/\/gbcistanbul.com\/en\/about\/","title":{"rendered":"Who We Are?"},"content":{"rendered":"<section class=\"wpb-content-wrapper\"><div class=\"qodef-row-grid-section-wrapper\"  ><div class=\"qodef-row-grid-section\"><div class=\"vc_row wpb_row vc_row-fluid vc_custom_1541068946003\" ><div class=\"wpb_column vc_column_container vc_col-sm-12 vc_col-md-12\"><div class=\"vc_column-inner\"><div class=\"wpb_wrapper\"><div class=\"qodef-elements-holder   qodef-three-columns  qodef-responsive-mode-768\" ><div class=\"qodef-eh-item\"  data-item-class=\"qodef-eh-custom-5895\" data-1025-1366=\"0px 43px 0px 0px\" data-769-1024=\"0px 20px 0px 0px\" data-681-768=\"0px 250px 0px 0px\" data-680=\"0px 0px\">\n\t<div class=\"qodef-eh-item-inner\">\n\t\t<div class=\"qodef-eh-item-content qodef-eh-custom-5895\" style=\"padding: 0px 91px 0px 0px\">\n\t\t\t<div class=\"qodef-iwt clearfix  qodef-iwt-icon-left-from-title qodef-iwt-icon-tiny\">\n\t<div class=\"qodef-iwt-content\" >\n\t\t\t\t\t<h3 class=\"qodef-iwt-title\" style=\"margin-top: 15px\">\n\t\t\t\t\t\t\t\t\t<a itemprop=\"url\" href=\"https:\/\/gbcistanbul.com\/en\/get-to-know-korea\/gyeonggi-do-bolgesi-hakkinda\/\" target=\"_self\">\n\t\t\t\t\t\t\t\t\t<span class=\"qodef-iwt-icon\">\n\t\t\t\t\t\t\t\t\t\t\t\t\t<img decoding=\"async\" width=\"158\" height=\"111\" src=\"https:\/\/gbcistanbul.com\/wp-content\/uploads\/2023\/06\/Asset-11@2x-1.png\" class=\"attachment-full size-full\" alt=\"\" srcset=\"https:\/\/gbcistanbul.com\/wp-content\/uploads\/2023\/06\/Asset-11@2x-1.png 158w, https:\/\/gbcistanbul.com\/wp-content\/uploads\/2023\/06\/Asset-11@2x-1-18x12.png 18w\" sizes=\"(max-width: 158px) 100vw, 158px\" \/>\t\t\t\t\t\t\t\t\t\t\t<\/span>\n\t\t\t\t\t<span class=\"qodef-iwt-title-text\">Gyeonggi-do<\/span>\n\t\t\t\t\t\t\t\t\t<\/a>\n\t\t\t\t\t\t\t<\/h3>\n\t\t        \t\t\t\t\t<p class=\"qodef-iwt-text\" style=\"margin-top: 12px\">Gyeonngi is part of the Seoul National Capital Region and is an important economic center<\/p>\n\t\t\t<\/div>\n<\/div><div class=\"vc_empty_space\"   style=\"height: 30px\"><span class=\"vc_empty_space_inner\"><\/span><\/div>\t\t<\/div>\n\t<\/div>\n<\/div><div class=\"qodef-eh-item\"  data-item-class=\"qodef-eh-custom-9416\" data-1025-1366=\"0px 43px 0px 0px\" data-769-1024=\"0px 20px 0px 0px\" data-681-768=\"0px 250px 0px 0px\" data-680=\"0px 0px\">\n\t<div class=\"qodef-eh-item-inner\">\n\t\t<div class=\"qodef-eh-item-content qodef-eh-custom-9416\" style=\"padding: 2px 52px 0px 36px\">\n\t\t\t<div class=\"qodef-iwt clearfix  qodef-iwt-icon-left-from-title qodef-iwt-icon-medium\">\n\t<div class=\"qodef-iwt-content\" >\n\t\t\t\t\t<h3 class=\"qodef-iwt-title\" style=\"margin-top: 15px\">\n\t\t\t\t\t\t\t\t\t<a itemprop=\"url\" href=\"https:\/\/gbcistanbul.com\/en\/business-with-korea\/guney-kore-ve-turkiye-ticaret-pazari\/\" target=\"_self\">\n\t\t\t\t\t\t\t\t\t<span class=\"qodef-iwt-icon\">\n\t\t\t\t\t\t\t\t\t\t\t\t\t<img decoding=\"async\" width=\"142\" height=\"111\" src=\"https:\/\/gbcistanbul.com\/wp-content\/uploads\/2023\/06\/Asset-10@2x-1.png\" class=\"attachment-full size-full\" alt=\"\" srcset=\"https:\/\/gbcistanbul.com\/wp-content\/uploads\/2023\/06\/Asset-10@2x-1.png 142w, https:\/\/gbcistanbul.com\/wp-content\/uploads\/2023\/06\/Asset-10@2x-1-15x12.png 15w\" sizes=\"(max-width: 142px) 100vw, 142px\" \/>\t\t\t\t\t\t\t\t\t\t\t<\/span>\n\t\t\t\t\t<span class=\"qodef-iwt-title-text\">South Korea<\/span>\n\t\t\t\t\t\t\t\t\t<\/a>\n\t\t\t\t\t\t\t<\/h3>\n\t\t        \t\t\t\t\t<p class=\"qodef-iwt-text\" style=\"margin-top: 12px\">South Korea is an important ally in Turkey's foreign trade market<\/p>\n\t\t\t<\/div>\n<\/div><div class=\"vc_empty_space\"   style=\"height: 30px\"><span class=\"vc_empty_space_inner\"><\/span><\/div>\t\t<\/div>\n\t<\/div>\n<\/div><div class=\"qodef-eh-item\"  data-item-class=\"qodef-eh-custom-1448\" data-1025-1366=\"0px 33px 0px 0px\" data-769-1024=\"0px 15px 0px 0px\" data-681-768=\"0px 250px 0px 0px\" data-680=\"0px 0px\">\n\t<div class=\"qodef-eh-item-inner\">\n\t\t<div class=\"qodef-eh-item-content qodef-eh-custom-1448\" style=\"padding: 0px 41px 0px 58px\">\n\t\t\t<div class=\"qodef-iwt clearfix  qodef-iwt-icon-left-from-title qodef-iwt-icon-medium\">\n\t<div class=\"qodef-iwt-content\" >\n\t\t\t\t\t<h3 class=\"qodef-iwt-title\" style=\"margin-top: 15px\">\n\t\t\t\t\t\t\t\t\t<a itemprop=\"url\" href=\"https:\/\/gbcistanbul.com\/en\/get-to-know-korea\/about-gbsa\/\" target=\"_self\">\n\t\t\t\t\t\t\t\t\t<span class=\"qodef-iwt-icon\">\n\t\t\t\t\t\t\t\t\t\t\t\t\t<img decoding=\"async\" width=\"182\" height=\"111\" src=\"https:\/\/gbcistanbul.com\/wp-content\/uploads\/2023\/06\/Asset-9@2x-1.png\" class=\"attachment-full size-full\" alt=\"\" srcset=\"https:\/\/gbcistanbul.com\/wp-content\/uploads\/2023\/06\/Asset-9@2x-1.png 182w, https:\/\/gbcistanbul.com\/wp-content\/uploads\/2023\/06\/Asset-9@2x-1-18x12.png 18w\" sizes=\"(max-width: 182px) 100vw, 182px\" \/>\t\t\t\t\t\t\t\t\t\t\t<\/span>\n\t\t\t\t\t<span class=\"qodef-iwt-title-text\">GBSA<\/span>\n\t\t\t\t\t\t\t\t\t<\/a>\n\t\t\t\t\t\t\t<\/h3>\n\t\t        \t\t\t\t\t<p class=\"qodef-iwt-text\" style=\"margin-top: 12px\">GBSA leads the innovation and growth of startups and SMEs<\/p>\n\t\t\t<\/div>\n<\/div><div class=\"vc_empty_space\"   style=\"height: 30px\"><span class=\"vc_empty_space_inner\"><\/span><\/div>\t\t<\/div>\n\t<\/div>\n<\/div><\/div><div class=\"vc_empty_space\"   style=\"height: 22px\"><span class=\"vc_empty_space_inner\"><\/span><\/div><\/div><\/div><\/div><\/div><\/div><\/div><div class=\"qodef-row-grid-section-wrapper\"  ><div class=\"qodef-row-grid-section\"><div class=\"vc_row wpb_row vc_row-fluid vc_custom_1537355347713\" ><div class=\"wpb_column vc_column_container vc_col-sm-12 vc_col-lg-6 vc_col-md-12\"><div class=\"vc_column-inner\"><div class=\"wpb_wrapper\"><div class=\"qodef-elements-holder   qodef-one-column  qodef-responsive-mode-768\" ><div class=\"qodef-eh-item\"  data-item-class=\"qodef-eh-custom-3188\" data-1367-1600=\"55px 76px 0px 0px\" data-1025-1366=\"10px 63px 0px 0px\" data-769-1024=\"54px 214px 100px 0px\" data-681-768=\"0px 47px 100px 0px\" data-680=\"54px 24px 80px 0px\">\n\t<div class=\"qodef-eh-item-inner\">\n\t\t<div class=\"qodef-eh-item-content qodef-eh-custom-3188\" style=\"padding: 55px 139px 0px 6px\">\n\t\t\t<div class=\"qodef-section-title-holder  qodef-st-standard qodef-st-title-left qodef-st-normal-space\" >\n\t<div class=\"qodef-st-inner\">\n\t\t            <div class=\"qodef-label\" style=\"margin-bottom:10px\">\n                <span class=\"qodef-label-line\" ><\/span>\n                <span class=\"qodef-label-text\" >Who We Are?<\/span>\n            <\/div>\n        \t\t\t<h1 class=\"qodef-st-title\" >\n\t\t\t\tAbout GBC Istanbul\t\t\t<\/h1>\n\t\t        \t\t\t\t\t<p class=\"qodef-st-text\" style=\"margin-top: 20px\">\n\t\t\t\tThe main goal of GBC Istanbul is to provide marketing consultancy and organize online or face-to-face meetings, thus finding suitable partner companies and maintaining bilateral business relations. GBC Istanbul is a company that acts as a bridge between the two countries without charging any fees in business agreements that can be made between Turkey and South Korea.\t\t\t<\/p>\n\t\t\t<\/div>\n<\/div><div class=\"vc_empty_space\"   style=\"height: 33px\"><span class=\"vc_empty_space_inner\"><\/span><\/div>\t\t<\/div>\n\t<\/div>\n<\/div><\/div><\/div><\/div><\/div><div class=\"wpb_column vc_column_container vc_col-sm-12 vc_col-lg-6 vc_col-md-12\"><div class=\"vc_column-inner\"><div class=\"wpb_wrapper\"><div class=\"qodef-elements-holder   qodef-one-column  qodef-responsive-mode-768\" ><div class=\"qodef-eh-item\"  data-item-class=\"qodef-eh-custom-8983\">\n\t<div class=\"qodef-eh-item-inner\">\n\t\t<div class=\"qodef-eh-item-content qodef-eh-custom-8983\" >\n\t\t\t<div class=\"qodef-single-image-holder\">\n    <div class=\"qodef-si-inner\" >\n                                    <img loading=\"lazy\" decoding=\"async\" width=\"1200\" height=\"881\" src=\"https:\/\/gbcistanbul.com\/wp-content\/uploads\/2023\/01\/gbc-istanbul-office.jpg\" class=\"attachment-full size-full\" alt=\"GBC Istanbul&#039;s Office\" srcset=\"https:\/\/gbcistanbul.com\/wp-content\/uploads\/2023\/01\/gbc-istanbul-office.jpg 1200w, https:\/\/gbcistanbul.com\/wp-content\/uploads\/2023\/01\/gbc-istanbul-office-300x220.jpg 300w, https:\/\/gbcistanbul.com\/wp-content\/uploads\/2023\/01\/gbc-istanbul-office-1024x752.jpg 1024w, https:\/\/gbcistanbul.com\/wp-content\/uploads\/2023\/01\/gbc-istanbul-office-768x564.jpg 768w\" sizes=\"(max-width: 1200px) 100vw, 1200px\" \/>                        <\/div>\n\t        <div class=\"qodef-si-text-box\">\n            <div class=\"qodef-si-text-box-inner\">\n                            <p class=\"qodef-si-small-text\">\u0130STANBUL<\/p>\n            \t                        <p class=\"qodef-si-big-text\">T\u00fcrkiye<\/p>\n\t        \n            <\/div>\n        <\/div>\n    <\/div>\t\t<\/div>\n\t<\/div>\n<\/div><\/div><\/div><\/div><\/div><\/div><\/div><\/div><div class=\"vc_row wpb_row vc_row-fluid vc_custom_1538045413215\" ><div class=\"wpb_column vc_column_container vc_col-sm-12 vc_col-lg-6 vc_col-md-12\"><div class=\"vc_column-inner vc_custom_1538043580860\"><div class=\"wpb_wrapper\"><div class=\"qodef-elements-holder   qodef-one-column  qodef-responsive-mode-768\" ><div class=\"qodef-eh-item\" style=\"background-image: url(https:\/\/gbcistanbul.com\/wp-content\/uploads\/2023\/01\/seul-picture.jpg)\" data-item-class=\"qodef-eh-custom-7357\" data-1367-1600=\"269px 0%\" data-1025-1366=\"255px 0%\" data-769-1024=\"381px 0%\" data-681-768=\"284px 0%\" data-680=\"220px 0%\">\n\t<div class=\"qodef-eh-item-inner\">\n\t\t<div class=\"qodef-eh-item-content qodef-eh-custom-7357\" style=\"padding: 358px 0%\">\n\t\t\t\t\t<\/div>\n\t<\/div>\n<\/div><\/div><\/div><\/div><\/div><div class=\"wpb_column vc_column_container vc_col-sm-12 vc_col-lg-6 vc_col-md-12 vc_col-has-fill\"><div class=\"vc_column-inner vc_custom_1538043573730\"><div class=\"wpb_wrapper\"><div class=\"qodef-elements-holder   qodef-one-column  qodef-responsive-mode-768\" ><div class=\"qodef-eh-item\"  data-item-class=\"qodef-eh-custom-8519\" data-1367-1600=\"85px 166px 87px 79px\" data-1025-1366=\"64px 91px 79px 70px\" data-769-1024=\"193px 405px 199px 112px\" data-681-768=\"97px 189px 109px 78px\" data-680=\"50px 20px 57px 25px\">\n\t<div class=\"qodef-eh-item-inner\">\n\t\t<div class=\"qodef-eh-item-content qodef-eh-custom-8519\" style=\"padding: 85px 178px 56px 142px\">\n\t\t\t<div class=\"qodef-section-title-holder  qodef-st-standard qodef-st-title-left qodef-st-normal-space\" >\n\t<div class=\"qodef-st-inner\">\n\t\t            <div class=\"qodef-label\" style=\"margin-bottom:9px\">\n                <span class=\"qodef-label-line\" ><\/span>\n                <span class=\"qodef-label-text\" >GBC<\/span>\n            <\/div>\n        \t\t\t<h1 class=\"qodef-st-title\" >\n\t\t\t\tGyeonggi Business Center\t\t\t<\/h1>\n\t\t        \t\t\t\t\t<p class=\"qodef-st-text\" style=\"margin-top: 19px\">\n\t\t\t\tGyeonggi Business Center (GBC), the commercial center of South Korea's Gyeonggi prefecture, is a South Korean government agency.<br \/>\nGyeonggi, a major industrial province, is home to South Korea's major companies. 25% of South Korea's Gross Domestic National Product (GDP) is met by this region.<br \/>\nIt is also a business support organization that provides customized services and leads the economic scientific development of Gyeonggi prefecture. Creating new industries and jobs through scientific and technological innovation and fostering global SMEs through customized support at each growth stage are among GBSA's goals.<br \/>\nGyeonggi Business Center provides service in 12 countries, including Los Angeles, Shanghai, Mumbai, Moscow and Tehran.\t\t\t<\/p>\n\t\t\t<\/div>\n<\/div><div class=\"vc_empty_space\"   style=\"height: 5px\"><span class=\"vc_empty_space_inner\"><\/span><\/div><div class=\"qodef-video-button-holder   qodef-vb-simple\">\n\t<div class=\"qodef-video-button-image\">\n\t\t\t<\/div>\n\t\t\t<a class=\"qodef-video-button-play-image\" href=\"https:\/\/youtu.be\/WwIYvTIxnUI\" data-rel=\"prettyPhoto[video_button_pretty_photo_249]\">\n\t\t\t<span class=\"qodef-video-button-play-inner\">\n\t\t\t\t<img loading=\"lazy\" decoding=\"async\" width=\"61\" height=\"61\" src=\"https:\/\/gbcistanbul.com\/wp-content\/uploads\/2018\/09\/play-button.png\" class=\"attachment-full size-full\" alt=\"a\" \/>\t\t\t\t\t\t\t<\/span>\n\t\t\t\t\t\t\t<span class=\"qodef-video-button-text\">WATCH VIDEO<\/span>\n\t\t\t\t\t<\/a>\n\t<\/div>\t\t<\/div>\n\t<\/div>\n<\/div><\/div><\/div><\/div><\/div><\/div><div class=\"qodef-row-grid-section-wrapper\"  ><div class=\"qodef-row-grid-section\"><div class=\"vc_row wpb_row vc_row-fluid vc_custom_1537355441248\" ><div class=\"wpb_column vc_column_container vc_col-sm-1\/5\"><div class=\"vc_column-inner\"><div class=\"wpb_wrapper\"><div class=\"qodef-team-holder qodef-team-info-below-image\">\n\t<div class=\"qodef-team-inner\">\n\t\t\t\t\t<div class=\"qodef-team-image\">\n                <img loading=\"lazy\" decoding=\"async\" width=\"900\" height=\"1128\" src=\"https:\/\/gbcistanbul.com\/wp-content\/uploads\/2023\/06\/jeremy3.jpg\" class=\"attachment-full size-full\" alt=\"\" srcset=\"https:\/\/gbcistanbul.com\/wp-content\/uploads\/2023\/06\/jeremy3.jpg 900w, https:\/\/gbcistanbul.com\/wp-content\/uploads\/2023\/06\/jeremy3-239x300.jpg 239w, https:\/\/gbcistanbul.com\/wp-content\/uploads\/2023\/06\/jeremy3-817x1024.jpg 817w, https:\/\/gbcistanbul.com\/wp-content\/uploads\/2023\/06\/jeremy3-768x963.jpg 768w, https:\/\/gbcistanbul.com\/wp-content\/uploads\/2023\/06\/jeremy3-10x12.jpg 10w\" sizes=\"(max-width: 900px) 100vw, 900px\" \/>\t\t\t\t                    <div class=\"qodef-team-social-holder\">\n\t\t\t\t\t\t                            <span class=\"qodef-team-icon\">    <span class=\"qodef-icon-shortcode qodef-normal\">\n                    <span aria-hidden=\"true\" class=\"qodef-icon-font-elegant social_linkedin qodef-icon-element\"><\/span>            <\/span>\n<\/span>\n\t\t\t\t\t\t                    <\/div>\n\t\t\t\t\t\t\t<\/div>\n\t\t\t\t<div class=\"qodef-team-info\" >\n\t\t\t\t\t\t\t<h4 class=\"qodef-team-name\" >Jeremy Jin | \uc9c4\ub300\uc131<\/h4>\n\t\t\t\t\t\t\t\t\t\t<h5 class=\"qodef-team-position\" >CEO<\/h5>\n\t\t\t\t\t\t\n\t\t<\/div>\n\t<\/div>\n<\/div><div class=\"vc_empty_space\"   style=\"height: 30px\"><span class=\"vc_empty_space_inner\"><\/span><\/div><\/div><\/div><\/div><div class=\"wpb_column vc_column_container vc_col-sm-1\/5\"><div class=\"vc_column-inner\"><div class=\"wpb_wrapper\"><div class=\"qodef-team-holder qodef-team-info-below-image\">\n\t<div class=\"qodef-team-inner\">\n\t\t\t\t\t<div class=\"qodef-team-image\">\n                <img loading=\"lazy\" decoding=\"async\" width=\"900\" height=\"1128\" src=\"https:\/\/gbcistanbul.com\/wp-content\/uploads\/2023\/06\/saman5.jpg\" class=\"attachment-full size-full\" alt=\"\" srcset=\"https:\/\/gbcistanbul.com\/wp-content\/uploads\/2023\/06\/saman5.jpg 900w, https:\/\/gbcistanbul.com\/wp-content\/uploads\/2023\/06\/saman5-239x300.jpg 239w, https:\/\/gbcistanbul.com\/wp-content\/uploads\/2023\/06\/saman5-817x1024.jpg 817w, https:\/\/gbcistanbul.com\/wp-content\/uploads\/2023\/06\/saman5-768x963.jpg 768w, https:\/\/gbcistanbul.com\/wp-content\/uploads\/2023\/06\/saman5-10x12.jpg 10w\" sizes=\"(max-width: 900px) 100vw, 900px\" \/>\t\t\t\t                    <div class=\"qodef-team-social-holder\">\n\t\t\t\t\t\t                            <span class=\"qodef-team-icon\">    <span class=\"qodef-icon-shortcode qodef-normal\">\n                    <a class=\"\" href=\"https:\/\/www.linkedin.com\/in\/saman-niazi\/\" target=\"_blank\">\n                    <span aria-hidden=\"true\" class=\"qodef-icon-font-elegant social_linkedin qodef-icon-element\"><\/span>                    <\/a>\n            <\/span>\n<\/span>\n\t\t\t\t\t\t                    <\/div>\n\t\t\t\t\t\t\t<\/div>\n\t\t\t\t<div class=\"qodef-team-info\" >\n\t\t\t\t\t\t\t<h4 class=\"qodef-team-name\" >Saman Niazi | \ub0a8\uc138\ubbfc<\/h4>\n\t\t\t\t\t\t\t\t\t\t<h5 class=\"qodef-team-position\" >General Manager<\/h5>\n\t\t\t\t\t\t\n\t\t<\/div>\n\t<\/div>\n<\/div><div class=\"vc_empty_space\"   style=\"height: 30px\"><span class=\"vc_empty_space_inner\"><\/span><\/div><\/div><\/div><\/div><div class=\"wpb_column vc_column_container vc_col-sm-1\/5\"><div class=\"vc_column-inner\"><div class=\"wpb_wrapper\"><div class=\"qodef-team-holder qodef-team-info-below-image\">\n\t<div class=\"qodef-team-inner\">\n\t\t\t\t\t<div class=\"qodef-team-image\">\n                <img loading=\"lazy\" decoding=\"async\" width=\"900\" height=\"1128\" src=\"https:\/\/gbcistanbul.com\/wp-content\/uploads\/2023\/01\/abdullah3.jpg\" class=\"attachment-full size-full\" alt=\"\" srcset=\"https:\/\/gbcistanbul.com\/wp-content\/uploads\/2023\/01\/abdullah3.jpg 900w, https:\/\/gbcistanbul.com\/wp-content\/uploads\/2023\/01\/abdullah3-239x300.jpg 239w, https:\/\/gbcistanbul.com\/wp-content\/uploads\/2023\/01\/abdullah3-817x1024.jpg 817w, https:\/\/gbcistanbul.com\/wp-content\/uploads\/2023\/01\/abdullah3-768x963.jpg 768w\" sizes=\"(max-width: 900px) 100vw, 900px\" \/>\t\t\t\t                    <div class=\"qodef-team-social-holder\">\n\t\t\t\t\t\t                            <span class=\"qodef-team-icon\">    <span class=\"qodef-icon-shortcode qodef-normal\">\n                    <a class=\"\" href=\"https:\/\/www.linkedin.com\/in\/abdullah-yayla-3a6435189\/\" target=\"_blank\">\n                    <span aria-hidden=\"true\" class=\"qodef-icon-font-elegant social_linkedin qodef-icon-element\"><\/span>                    <\/a>\n            <\/span>\n<\/span>\n\t\t\t\t\t\t                    <\/div>\n\t\t\t\t\t\t\t<\/div>\n\t\t\t\t<div class=\"qodef-team-info\" >\n\t\t\t\t\t\t\t<h4 class=\"qodef-team-name\" >Abdullah Yayla<\/h4>\n\t\t\t\t\t\t\t\t\t\t<h5 class=\"qodef-team-position\" >Assistant Manager<\/h5>\n\t\t\t\t\t\t\n\t\t<\/div>\n\t<\/div>\n<\/div><div class=\"vc_empty_space\"   style=\"height: 30px\"><span class=\"vc_empty_space_inner\"><\/span><\/div><\/div><\/div><\/div><div class=\"wpb_column vc_column_container vc_col-sm-1\/5\"><div class=\"vc_column-inner\"><div class=\"wpb_wrapper\"><div class=\"qodef-team-holder qodef-team-info-below-image\">\n\t<div class=\"qodef-team-inner\">\n\t\t\t\t\t<div class=\"qodef-team-image\">\n                <img loading=\"lazy\" decoding=\"async\" width=\"900\" height=\"1128\" src=\"https:\/\/gbcistanbul.com\/wp-content\/uploads\/2023\/06\/majid.jpg\" class=\"attachment-full size-full\" alt=\"\" srcset=\"https:\/\/gbcistanbul.com\/wp-content\/uploads\/2023\/06\/majid.jpg 900w, https:\/\/gbcistanbul.com\/wp-content\/uploads\/2023\/06\/majid-239x300.jpg 239w, https:\/\/gbcistanbul.com\/wp-content\/uploads\/2023\/06\/majid-817x1024.jpg 817w, https:\/\/gbcistanbul.com\/wp-content\/uploads\/2023\/06\/majid-768x963.jpg 768w, https:\/\/gbcistanbul.com\/wp-content\/uploads\/2023\/06\/majid-10x12.jpg 10w\" sizes=\"(max-width: 900px) 100vw, 900px\" \/>\t\t\t\t                    <div class=\"qodef-team-social-holder\">\n\t\t\t\t\t\t                            <span class=\"qodef-team-icon\">    <span class=\"qodef-icon-shortcode qodef-normal\">\n                    <a class=\"\" href=\"http:\/\/linkedin.com\/in\/majida\/\" target=\"_blank\">\n                    <span aria-hidden=\"true\" class=\"qodef-icon-font-elegant social_linkedin qodef-icon-element\"><\/span>                    <\/a>\n            <\/span>\n<\/span>\n\t\t\t\t\t\t                    <\/div>\n\t\t\t\t\t\t\t<\/div>\n\t\t\t\t<div class=\"qodef-team-info\" >\n\t\t\t\t\t\t\t<h4 class=\"qodef-team-name\" >Majid Arvanaghi<\/h4>\n\t\t\t\t\t\t\t\t\t\t<h5 class=\"qodef-team-position\" >Sr. Graphic Designer<\/h5>\n\t\t\t\t\t\t\n\t\t<\/div>\n\t<\/div>\n<\/div><div class=\"vc_empty_space\"   style=\"height: 30px\"><span class=\"vc_empty_space_inner\"><\/span><\/div><\/div><\/div><\/div><\/div><\/div><\/div><div class=\"qodef-row-grid-section-wrapper\"  ><div class=\"qodef-row-grid-section\"><div class=\"vc_row wpb_row vc_row-fluid vc_custom_1537346479266\" ><div class=\"wpb_column vc_column_container vc_col-sm-12\"><div class=\"vc_column-inner\"><div class=\"wpb_wrapper\"><div class=\"qodef-clients-carousel-holder qodef-cc-hover-switch-images\">\n\t<div class=\"qodef-cc-inner qodef-owl-slider\" data-number-of-items=\"3\" data-enable-loop=\"yes\" data-enable-autoplay=\"yes\" data-slider-speed=\"5000\" data-slider-speed-animation=\"600\" data-enable-navigation=\"no\" data-enable-pagination=\"no\">\n\t\t<div class=\"qodef-cc-item qodef-item-space qodef-cci-has-link\">\n\t\t\t<a itemprop=\"url\" class=\"qodef-cc-link qodef-block-drag-link\" href=\"https:\/\/www.gyeonggido-korea.com\/\" target=\"_blank\">\n\t\t\t\t\t\t<img decoding=\"async\" itemprop=\"image\" class=\"qodef-cc-image\" src=\"https:\/\/gbcistanbul.com\/wp-content\/uploads\/2022\/12\/Asset-26-1.png\" alt=\"Gyeonggi-do\" \/>\n\t\t\t\t\t\t\t<img decoding=\"async\" itemprop=\"image\" class=\"qodef-cc-hover-image\" src=\"https:\/\/gbcistanbul.com\/wp-content\/uploads\/2022\/12\/Asset-23-1.png\" alt=\"Gyeonggi-do\" \/>\n\t\t\t\t\t<\/a>\n\t<\/div><div class=\"qodef-cc-item qodef-item-space qodef-cci-has-link\">\n\t\t\t<a itemprop=\"url\" class=\"qodef-cc-link qodef-block-drag-link\" href=\"https:\/\/www.gbsa.or.kr\/en\/index.do\" target=\"_blank\">\n\t\t\t\t\t\t<img decoding=\"async\" itemprop=\"image\" class=\"qodef-cc-image\" src=\"https:\/\/gbcistanbul.com\/wp-content\/uploads\/2022\/12\/Asset-25.png\" alt=\"GBSA\" \/>\n\t\t\t\t\t\t\t<img decoding=\"async\" itemprop=\"image\" class=\"qodef-cc-hover-image\" src=\"https:\/\/gbcistanbul.com\/wp-content\/uploads\/2022\/12\/Asset-22.png\" alt=\"GBSA\" \/>\n\t\t\t\t\t<\/a>\n\t<\/div><div class=\"qodef-cc-item qodef-item-space qodef-cci-has-link\">\n\t\t\t<a itemprop=\"url\" class=\"qodef-cc-link qodef-block-drag-link\" href=\"https:\/\/koreaevent.co\/\" target=\"_blank\">\n\t\t\t\t\t\t<img decoding=\"async\" itemprop=\"image\" class=\"qodef-cc-image\" src=\"https:\/\/gbcistanbul.com\/wp-content\/uploads\/2023\/01\/Asset-22.png\" alt=\"\" \/>\n\t\t\t\t\t\t\t<img decoding=\"async\" itemprop=\"image\" class=\"qodef-cc-hover-image\" src=\"https:\/\/gbcistanbul.com\/wp-content\/uploads\/2023\/01\/Asset-23.png\" alt=\"\" \/>\n\t\t\t\t\t<\/a>\n\t<\/div>\t<\/div>\n<\/div><\/div><\/div><\/div><\/div><\/div><\/div>\n<\/section>","protected":false},"excerpt":{"rendered":"Gyeonggi-do Gyeonngi, Seul Ulusal Ba\u015fkent B\u00f6lgesi\u2019nin bir par\u00e7as\u0131d\u0131r ve \u00f6nemli bir ekonomik merkezdir G\u00fcney Kore G\u00fcney Kore, T\u00fcrkiye\u2019nin d\u0131\u015f ticaret pazar\u0131nda \u00f6nemli bir m\u00fcttefiki haline gelmi\u015ftir GBSA GBSA, startup&#039;lar\u0131n ve KOB\u0130&#039;lerin inovasyonuna ve b\u00fcy\u00fcmesine \u00f6nc\u00fcl\u00fck ediyor Biz Kimiz? GBC \u0130stanbul Hakk\u0131nda GBC \u0130stanbul'un temel hedefi, pazarlama dan\u0131\u015fmanl\u0131\u011f\u0131 yapmak olup bu [...]","protected":false},"author":1,"featured_media":0,"parent":0,"menu_order":0,"comment_status":"closed","ping_status":"closed","template":"full-width.php","meta":{"footnotes":""},"class_list":["post-1739","page","type-page","status-publish","hentry"],"_links":{"self":[{"href":"https:\/\/gbcistanbul.com\/en\/wp-json\/wp\/v2\/pages\/1739","targetHints":{"allow":["GET"]}}],"collection":[{"href":"https:\/\/gbcistanbul.com\/en\/wp-json\/wp\/v2\/pages"}],"about":[{"href":"https:\/\/gbcistanbul.com\/en\/wp-json\/wp\/v2\/types\/page"}],"author":[{"embeddable":true,"href":"https:\/\/gbcistanbul.com\/en\/wp-json\/wp\/v2\/users\/1"}],"replies":[{"embeddable":true,"href":"https:\/\/gbcistanbul.com\/en\/wp-json\/wp\/v2\/comments?post=1739"}],"version-history":[{"count":82,"href":"https:\/\/gbcistanbul.com\/en\/wp-json\/wp\/v2\/pages\/1739\/revisions"}],"predecessor-version":[{"id":7099,"href":"https:\/\/gbcistanbul.com\/en\/wp-json\/wp\/v2\/pages\/1739\/revisions\/7099"}],"wp:attachment":[{"href":"https:\/\/gbcistanbul.com\/en\/wp-json\/wp\/v2\/media?parent=1739"}],"curies":[{"name":"wp","href":"https:\/\/api.w.org\/{rel}","templated":true}]}}